{"id":661,"date":"2021-04-20T20:09:14","date_gmt":"2021-04-20T20:09:14","guid":{"rendered":"https:\/\/gpsites.co\/cloud\/?page_id=661"},"modified":"2026-03-06T08:55:00","modified_gmt":"2026-03-06T07:55:00","slug":"reparation-ordinateur","status":"publish","type":"page","link":"https:\/\/services-informatique-niort.fr\/index.php\/reparation-ordinateur\/","title":{"rendered":"Services"},"content":{"rendered":"<div class=\"gb-container gb-container-83bb6cd2\"><div class=\"gb-inside-container\">\n\n<h1 class=\"wp-block-heading has-text-align-center has-base-3-background-color has-text-color has-background\" id=\"reparation-ordinateur-niort\" style=\"color:#ffa500;font-size:30px\">R\u00e9paration ordinateur<\/h1>\n\n\n<div class=\"gb-grid-wrapper gb-grid-wrapper-7ab5a785\">\n<div class=\"gb-grid-column gb-grid-column-eae09b98\"><div class=\"gb-container gb-container-eae09b98\"><div class=\"gb-inside-container\">\n\n<h2 class=\"gb-headline gb-headline-15f1af3b\"><span class=\"gb-icon\"><svg viewBox=\"0 0 16 16\" class=\"bi bi-cloud-download\" fill=\"currentColor\" height=\"16\" width=\"16\" xmlns=\"http:\/\/www.w3.org\/2000\/svg\">   <path d=\"M4.406 1.342A5.53 5.53 0 0 1 8 0c2.69 0 4.923 2 5.166 4.579C14.758 4.804 16 6.137 16 7.773 16 9.569 14.502 11 12.687 11H10a.5.5 0 0 1 0-1h2.688C13.979 10 15 8.988 15 7.773c0-1.216-1.02-2.228-2.313-2.228h-.5v-.5C12.188 2.825 10.328 1 8 1a4.53 4.53 0 0 0-2.941 1.1c-.757.652-1.153 1.438-1.153 2.055v.448l-.445.049C2.064 4.805 1 5.952 1 7.318 1 8.785 2.23 10 3.781 10H6a.5.5 0 0 1 0 1H3.781C1.708 11 0 9.366 0 7.318c0-1.763 1.266-3.223 2.942-3.593.143-.863.698-1.723 1.464-2.383z\"><\/path>   <path d=\"M7.646 15.854a.5.5 0 0 0 .708 0l3-3a.5.5 0 0 0-.708-.708L8.5 14.293V5.5a.5.5 0 0 0-1 0v8.793l-2.146-2.147a.5.5 0 0 0-.708.708l3 3z\"><\/path> <\/svg><\/span><span class=\"gb-headline-text\">#  R\u00e9paration ordinateur et r\u00e9paration ordinateur portable : les solutions de sauvegarde de donn\u00e9es<\/span><\/h2>\n\n\n\n<h3 class=\"gb-headline gb-headline-f9b671e6 gb-headline-text\">Ordinateur portable en panne<\/h3>\n\n\n\n<p class=\"gb-headline gb-headline-9a1140d1 gb-headline-text\"><strong>Afin d&rsquo;\u00e9viter le pire, perte de vos photos, de vos documents ou  d&rsquo;autres donn\u00e9es, je vous formerai aux techniques de sauvegardes simples et gratuites afin que vous ne perdiez jamais vos donn\u00e9es. Etant \u00e9ligible au Service \u00e0 la personne, le co\u00fbt de mes prestations sont r\u00e9duites de 50%<\/strong> ! <\/p>\n\n\n\n<p class=\"gb-headline gb-headline-81b80347 gb-headline-text\"><em>Si vous n&rsquo;\u00eates pas imposable, l&rsquo;administration fiscale vous envoie un paiement correspondant \u00e0 50 % du montant de ma prestation.<\/em><\/p>\n\n\n<div class=\"wp-block-image is-style-default\">\n<figure class=\"aligncenter size-full\"><img loading=\"lazy\" decoding=\"async\" width=\"400\" height=\"499\" src=\"https:\/\/services-informatique-niort.fr\/wp-content\/uploads\/2022\/01\/Reparateur-informatique-niort1.jpg\" alt=\"R\u00e9paration ordinateur Niort\" class=\"wp-image-1455\" srcset=\"https:\/\/services-informatique-niort.fr\/wp-content\/uploads\/2022\/01\/Reparateur-informatique-niort1.jpg 400w, https:\/\/services-informatique-niort.fr\/wp-content\/uploads\/2022\/01\/Reparateur-informatique-niort1-240x300.jpg 240w\" sizes=\"auto, (max-width: 400px) 100vw, 400px\" \/><figcaption class=\"wp-element-caption\"> <\/figcaption><\/figure>\n<\/div>\n<\/div><\/div><\/div>\n\n<div class=\"gb-grid-column gb-grid-column-290536d1\"><div class=\"gb-container gb-container-290536d1\"><div class=\"gb-inside-container\">\n\n<h2 class=\"gb-headline gb-headline-974e10dc\"><span class=\"gb-icon\"><svg viewBox=\"0 0 16 16\" class=\"bi bi-cpu\" fill=\"currentColor\" height=\"16\" width=\"16\" xmlns=\"http:\/\/www.w3.org\/2000\/svg\">   <path d=\"M5 0a.5.5 0 0 1 .5.5V2h1V.5a.5.5 0 0 1 1 0V2h1V.5a.5.5 0 0 1 1 0V2h1V.5a.5.5 0 0 1 1 0V2A2.5 2.5 0 0 1 14 4.5h1.5a.5.5 0 0 1 0 1H14v1h1.5a.5.5 0 0 1 0 1H14v1h1.5a.5.5 0 0 1 0 1H14v1h1.5a.5.5 0 0 1 0 1H14a2.5 2.5 0 0 1-2.5 2.5v1.5a.5.5 0 0 1-1 0V14h-1v1.5a.5.5 0 0 1-1 0V14h-1v1.5a.5.5 0 0 1-1 0V14h-1v1.5a.5.5 0 0 1-1 0V14A2.5 2.5 0 0 1 2 11.5H.5a.5.5 0 0 1 0-1H2v-1H.5a.5.5 0 0 1 0-1H2v-1H.5a.5.5 0 0 1 0-1H2v-1H.5a.5.5 0 0 1 0-1H2A2.5 2.5 0 0 1 4.5 2V.5A.5.5 0 0 1 5 0zm-.5 3A1.5 1.5 0 0 0 3 4.5v7A1.5 1.5 0 0 0 4.5 13h7a1.5 1.5 0 0 0 1.5-1.5v-7A1.5 1.5 0 0 0 11.5 3h-7zM5 6.5A1.5 1.5 0 0 1 6.5 5h3A1.5 1.5 0 0 1 11 6.5v3A1.5 1.5 0 0 1 9.5 11h-3A1.5 1.5 0 0 1 5 9.5v-3zM6.5 6a.5.5 0 0 0-.5.5v3a.5.5 0 0 0 .5.5h3a.5.5 0 0 0 .5-.5v-3a.5.5 0 0 0-.5-.5h-3z\"><\/path> <\/svg><\/span><span class=\"gb-headline-text\">#  R\u00e9paration ordinateur et  r\u00e9paration pc portable : mat\u00e9riels et logiciels<\/span><\/h2>\n\n\n\n<h3 class=\"gb-headline gb-headline-5faef0b0 gb-headline-text\">D\u00e9pannage informatique<\/h3>\n\n\n\n<p class=\"gb-headline gb-headline-e29b6162 gb-headline-text\"><strong>Votre ordinateur est ralenti au d\u00e9marrage ou ne d\u00e9marre plus, ou bien pr\u00e9sente t-il des lenteurs, il vous faut un reparateur pc<\/strong> car <strong>votre disque dur arrive peut \u00eatre \u00e0 saturation, une partie de la m\u00e9moire de votre ordinateur est peut \u00eatre hors service, vos p\u00e9riph\u00e9riques ne sont plus reconnus ou ne fonctionnent plus (imprimante, lecteur dvd, cl\u00e9 usb, clavier, souris etc&#8230;), pour tous ces probl\u00e8mes je vous aiderai \u00e0 r\u00e9gler toute sorte de panne en vous formant si vous le souhaitez afin de vous rendre autonome sur les prochaines pannes. Je pourrai aussi changer quelques \u00e9l\u00e9ments de votre ordinateur afin de le rendre plus performant en limitant les frais en fonction de l&rsquo;anciennet\u00e9 de votre machine (augmentation de sa m\u00e9moire, ajout d&rsquo;un disque dur SSD, param\u00e9trage et optimisation de son fonctionnement ).<\/strong> <strong>R\u00e9parateur informatique sur Niort et alentours \u00e0 votre service !<\/strong><\/p>\n\n<\/div><\/div><\/div>\n\n<div class=\"gb-grid-column gb-grid-column-b41406da\"><div class=\"gb-container gb-container-b41406da\"><div class=\"gb-inside-container\">\n\n<h2 class=\"gb-headline gb-headline-f73cbf71\"><span class=\"gb-icon\"><svg viewBox=\"0 0 16 16\" class=\"bi bi-shield-lock\" fill=\"currentColor\" height=\"16\" width=\"16\" xmlns=\"http:\/\/www.w3.org\/2000\/svg\">   <path d=\"M5.338 1.59a61.44 61.44 0 0 0-2.837.856.481.481 0 0 0-.328.39c-.554 4.157.726 7.19 2.253 9.188a10.725 10.725 0 0 0 2.287 2.233c.346.244.652.42.893.533.12.057.218.095.293.118a.55.55 0 0 0 .101.025.615.615 0 0 0 .1-.025c.076-.023.174-.061.294-.118.24-.113.547-.29.893-.533a10.726 10.726 0 0 0 2.287-2.233c1.527-1.997 2.807-5.031 2.253-9.188a.48.48 0 0 0-.328-.39c-.651-.213-1.75-.56-2.837-.855C9.552 1.29 8.531 1.067 8 1.067c-.53 0-1.552.223-2.662.524zM5.072.56C6.157.265 7.31 0 8 0s1.843.265 2.928.56c1.11.3 2.229.655 2.887.87a1.54 1.54 0 0 1 1.044 1.262c.596 4.477-.787 7.795-2.465 9.99a11.775 11.775 0 0 1-2.517 2.453 7.159 7.159 0 0 1-1.048.625c-.28.132-.581.24-.829.24s-.548-.108-.829-.24a7.158 7.158 0 0 1-1.048-.625 11.777 11.777 0 0 1-2.517-2.453C1.928 10.487.545 7.169 1.141 2.692A1.54 1.54 0 0 1 2.185 1.43 62.456 62.456 0 0 1 5.072.56z\"><\/path>   <path d=\"M9.5 6.5a1.5 1.5 0 0 1-1 1.415l.385 1.99a.5.5 0 0 1-.491.595h-.788a.5.5 0 0 1-.49-.595l.384-1.99a1.5 1.5 0 1 1 2-1.415z\"><\/path> <\/svg><\/span><span class=\"gb-headline-text\"> #  R\u00e9paration ordinateur, et La Cyber S\u00e9curit\u00e9<\/span><\/h2>\n\n\n\n<p class=\"gb-headline gb-headline-cfb6635d gb-headline-text\"><strong>Si votre ordinateur  pr\u00e9sente des failles de s\u00e9curit\u00e9 via ses \u00e9l\u00e9ments install\u00e9s, je pourrai vous d\u00e9barrasser des trojans, malware ou virus qui l&rsquo;infectent et qui provoquent des  disfonctionnements, des ralentissements. Je vous proposerai ensuite une solution gratuite ou peu on\u00e9reuse  de s\u00e9curisation de votre machine via l&rsquo;achat d&rsquo;un antivirus performant. Cette protection sera transparente pour vous, vous n&rsquo;aurez rien \u00e0 faire, rien \u00e0 surveiller, elle sera autonome et \u00e0 jour sans la moindre manipulation de votre part, vous pourrez rester l&rsquo;esprit tranquille. <\/strong> <strong>En cas de perte de mot de passe faites appel \u00e0 mes services afin de le r\u00e9cup\u00e9rer facilement.<\/strong><\/p>\n\n\n\n<p><\/p>\n\n<\/div><\/div><\/div>\n\n<div class=\"gb-grid-column gb-grid-column-96092b0e\"><div class=\"gb-container gb-container-96092b0e\"><div class=\"gb-inside-container\">\n\n<h2 class=\"gb-headline gb-headline-394ea786\"><span class=\"gb-icon\"><svg viewBox=\"0 0 16 16\" class=\"bi bi-save\" fill=\"currentColor\" height=\"16\" width=\"16\" xmlns=\"http:\/\/www.w3.org\/2000\/svg\">   <path d=\"M2 1a1 1 0 0 0-1 1v12a1 1 0 0 0 1 1h12a1 1 0 0 0 1-1V2a1 1 0 0 0-1-1H9.5a1 1 0 0 0-1 1v7.293l2.646-2.647a.5.5 0 0 1 .708.708l-3.5 3.5a.5.5 0 0 1-.708 0l-3.5-3.5a.5.5 0 1 1 .708-.708L7.5 9.293V2a2 2 0 0 1 2-2H14a2 2 0 0 1 2 2v12a2 2 0 0 1-2 2H2a2 2 0 0 1-2-2V2a2 2 0 0 1 2-2h2.5a.5.5 0 0 1 0 1H2z\"><\/path> <\/svg><\/span><span class=\"gb-headline-text\">#  Informatique r\u00e9paration et les r\u00e9cup\u00e9rations de donn\u00e9es<\/span><\/h2>\n\n\n\n<h3 class=\"gb-headline gb-headline-5bef2c58 gb-headline-text\">Assistance informatique \u00e0 domicile<\/h3>\n\n\n\n<p class=\"gb-headline gb-headline-5081ed1d gb-headline-text\"><strong>Il arrive souvent que mes clients me contactent suite \u00e0 une perte de fichiers, d&rsquo;images, de photos souvenir, de documents importants,<\/strong> d<strong>ans ce cas pas d&rsquo;inqui\u00e9tude sur cette de perte de donn\u00e9es sur votre disque dur, il est possible de r\u00e9cup\u00e9rer des fichiers perdus ou effac\u00e9s involontairement, je poss\u00e8de des outils simples pour les r\u00e9cup\u00e9rer, je vous montrerai ensuite comment \u00e9viter ces incidents en vous formant en quelques minutes \u00e0 la  sauvegarde de donn\u00e9es, simple et accessible \u00e0 tous.<\/strong><\/p>\n\n<\/div><\/div><\/div>\n\n<div class=\"gb-grid-column gb-grid-column-8789d0e3\"><div class=\"gb-container gb-container-8789d0e3\"><div class=\"gb-inside-container\">\n\n<h2 class=\"gb-headline gb-headline-8708b98c\"><span class=\"gb-icon\"><svg aria-hidden=\"true\" role=\"img\" height=\"1em\" width=\"1em\" viewBox=\"0 0 512 512\" xmlns=\"http:\/\/www.w3.org\/2000\/svg\"><path fill=\"currentColor\" d=\"M256 8C118.941 8 8 118.919 8 256c0 137.059 110.919 248 248 248 48.154 0 95.342-14.14 135.408-40.223 12.005-7.815 14.625-24.288 5.552-35.372l-10.177-12.433c-7.671-9.371-21.179-11.667-31.373-5.129C325.92 429.757 291.314 440 256 440c-101.458 0-184-82.542-184-184S154.542 72 256 72c100.139 0 184 57.619 184 160 0 38.786-21.093 79.742-58.17 83.693-17.349-.454-16.91-12.857-13.476-30.024l23.433-121.11C394.653 149.75 383.308 136 368.225 136h-44.981a13.518 13.518 0 0 0-13.432 11.993l-.01.092c-14.697-17.901-40.448-21.775-59.971-21.775-74.58 0-137.831 62.234-137.831 151.46 0 65.303 36.785 105.87 96 105.87 26.984 0 57.369-15.637 74.991-38.333 9.522 34.104 40.613 34.103 70.71 34.103C462.609 379.41 504 307.798 504 232 504 95.653 394.023 8 256 8zm-21.68 304.43c-22.249 0-36.07-15.623-36.07-40.771 0-44.993 30.779-72.729 58.63-72.729 22.292 0 35.601 15.241 35.601 40.77 0 45.061-33.875 72.73-58.161 72.73z\"><\/path><\/svg><\/span><span class=\"gb-headline-text\">#  Installation materiel et connexion internet<\/span><\/h2>\n\n\n\n<p class=\"gb-headline gb-headline-723afcb4 gb-headline-text\"><span style=\"\"><b>Votre box internet ne fonctionne plus, vous n&rsquo;avez plus de connexion, votre wifi n&rsquo;est plus d\u00e9tect\u00e9, vous voulez optimiser le placement de votre box dans votre habitation car le wifi n&rsquo;est pas assez puissant, votre installation internet n\u00e9ces<\/b><\/span><strong><strong>site une optimisation afin de la rendre plus performante, il serait peut \u00eatre judicieux d&rsquo;installer un r\u00e9p\u00e9titeur de r\u00e9seau au bon endroit de votre maison ou appartement, je peux alors v\u00e9rifier votre mat\u00e9riel en effectuant des tests de connexion, v\u00e9rifier votre box internet, param\u00e9trer sa connexion wifi, param\u00e9trer la connexion r\u00e9seau wifi de votre ordinateur afin de r\u00e9tablir la vitesse d\u00e9sir\u00e9e. Si votre box internet doit \u00eatre chang\u00e9e aupr\u00e8s de votre fournisseur je peux alors m&rsquo;occuper de cette d\u00e9marche en proc\u00e9dant \u00e0 son remplacement<\/strong><\/strong><span style=\"\"><b> aupr\u00e8s de votre fournisseur d&rsquo;acc\u00e8s internet. <\/b><\/span><\/p>\n\n\n\n<p class=\"gb-headline gb-headline-21ca765d gb-headline-text\"><span style=\"\"><b>Vous venez d&rsquo;acqu\u00e9rir une nouvelle imprimante, un nouvel \u00e9cran ou tout autre mat\u00e9riel, faites appel \u00e0 mes services pour une installation s\u00fbre et fiable. Si vous venez de changer d&rsquo;ordinateur je pourrai proc\u00e9der \u00e0 son installation ainsi qu&rsquo;\u00e0 la r\u00e9cup\u00e9ration des donn\u00e9es de votre ancien ordinateur afin de les basculer \u00e0 l&rsquo;identique sur votre nouvelle machine.<\/b><\/span><\/p>\n\n<\/div><\/div><\/div>\n\n<div class=\"gb-grid-column gb-grid-column-034bcd28\"><div class=\"gb-container gb-container-034bcd28\"><div class=\"gb-inside-container\">\n\n<h2 class=\"gb-headline gb-headline-1f49e692\"><span class=\"gb-icon\"><svg aria-hidden=\"true\" role=\"img\" height=\"1em\" width=\"1em\" viewBox=\"0 0 576 512\" xmlns=\"http:\/\/www.w3.org\/2000\/svg\"><path fill=\"currentColor\" d=\"M576 240c0-23.63-12.95-44.04-32-55.12V32.01C544 23.26 537.02 0 512 0c-7.12 0-14.19 2.38-19.98 7.02l-85.03 68.03C364.28 109.19 310.66 128 256 128H64c-35.35 0-64 28.65-64 64v96c0 35.35 28.65 64 64 64h33.7c-1.39 10.48-2.18 21.14-2.18 32 0 39.77 9.26 77.35 25.56 110.94 5.19 10.69 16.52 17.06 28.4 17.06h74.28c26.05 0 41.69-29.84 25.9-50.56-16.4-21.52-26.15-48.36-26.15-77.44 0-11.11 1.62-21.79 4.41-32H256c54.66 0 108.28 18.81 150.98 52.95l85.03 68.03a32.023 32.023 0 0 0 19.98 7.02c24.92 0 32-22.78 32-32V295.13C563.05 284.04 576 263.63 576 240zm-96 141.42l-33.05-26.44C392.95 311.78 325.12 288 256 288v-96c69.12 0 136.95-23.78 190.95-66.98L480 98.58v282.84z\"><\/path><\/svg><\/span><span class=\"gb-headline-text\">#  Domotique et maintien \u00e0 domicile des seniors<\/span><\/h2>\n\n\n\n<p class=\"gb-headline gb-headline-08a0b384 gb-headline-text\"><strong><strong><strong><strong>Il peut \u00eatre bien pratique lorsque l&rsquo;on a des probl\u00e8mes de mobilit\u00e9 de s&rsquo;assister de la domotique, de plus elle devenue terriblement abordable financi\u00e8rement de nos jours ! Alors la domotique qu&rsquo;est-ce-que c&rsquo;est ? Et bien c&rsquo;est tr\u00e8s simple, vous pouvez demander \u00e0 vos \u00e9clairages de s&rsquo;allumer ou de s&rsquo;\u00e9teindre en leur parlant : \u00ab\u00a0<em>allume la lampe du salon<\/em>\u00ab\u00a0, <em>\u00e9teins la lumi\u00e8re de la cuisine<\/em>\u00ab\u00a0, c&rsquo;est aussi simple que \u00e7a !<\/strong><\/strong><\/strong> Il est aussi possible d&rsquo;automatiser<\/strong> <strong>certaines actions comme par exemple allumer automatiquement la nuit la lumi\u00e8re du couloir lors de mon passage et de l&rsquo;\u00e9teindre automatiquement plusieurs minutes apr\u00e8s, simuler votre pr\u00e9sence pendant vos absences prolong\u00e9es en jouant avec l&rsquo;\u00e9clairage ou les stores roulants  pour tromper les cambrioleurs. Je pourrai si vous le souhaitez vous montrer toutes les possibilit\u00e9s de la domotique, vous former \u00e0 programmer vos propres actions, on peut tout faire et c&rsquo;est un jeu d&rsquo;enfant ! Un simple smartphone ou une tablette suffisent.<\/strong> <\/p>\n\n\n<div class=\"gb-container gb-container-700caf1f\">\n\n<div class=\"wp-block-buttons has-custom-font-size has-medium-font-size is-content-justification-center is-layout-flex wp-container-core-buttons-is-layout-16018d1d wp-block-buttons-is-layout-flex\">\n<div class=\"wp-block-button\"><a class=\"wp-block-button__link wp-element-button\" href=\"https:\/\/services-informatique-niort.fr\/index.php\/domotique\/\">Plus d&rsquo;infos sur la domotique ici<\/a><\/div>\n<\/div>\n\n<\/div>\n\n\n<hr class=\"wp-block-separator has-text-color has-alpha-channel-opacity has-background is-style-wide\" style=\"background-color:#ffa500;color:#ffa500\"\/>\n\n<\/div><\/div><\/div>\n\n<div class=\"gb-grid-column gb-grid-column-b19fb5f4\"><div class=\"gb-container gb-container-b19fb5f4\"><div class=\"gb-inside-container\">\n\n<h2 class=\"gb-headline gb-headline-aa5eb318\"><span class=\"gb-icon\"><svg aria-hidden=\"true\" role=\"img\" height=\"1em\" width=\"1em\" viewBox=\"0 0 448 512\" xmlns=\"http:\/\/www.w3.org\/2000\/svg\"><path fill=\"currentColor\" d=\"M448 360V24c0-13.3-10.7-24-24-24H96C43 0 0 43 0 96v320c0 53 43 96 96 96h328c13.3 0 24-10.7 24-24v-16c0-7.5-3.5-14.3-8.9-18.7-4.2-15.4-4.2-59.3 0-74.7 5.4-4.3 8.9-11.1 8.9-18.6zM128 134c0-3.3 2.7-6 6-6h212c3.3 0 6 2.7 6 6v20c0 3.3-2.7 6-6 6H134c-3.3 0-6-2.7-6-6v-20zm0 64c0-3.3 2.7-6 6-6h212c3.3 0 6 2.7 6 6v20c0 3.3-2.7 6-6 6H134c-3.3 0-6-2.7-6-6v-20zm253.4 250H96c-17.7 0-32-14.3-32-32 0-17.6 14.4-32 32-32h285.4c-1.9 17.1-1.9 46.9 0 64z\"><\/path><\/svg><\/span><span class=\"gb-headline-text\">#  Aide aux t\u00e2ches administratives sur internet<\/span><\/h2>\n\n\n\n<p class=\"gb-headline gb-headline-7293440c gb-headline-text\"><strong><strong><strong><strong>Certaines t\u00e2ches administratives sur internet n\u00e9c\u00e9ssitent patience et temps&#8230;afin de les mener \u00e0 bien en temps et en heure je vous propose que nous les fassions ensemble, sans stress et dans la bonne humeur. Il peut s&rsquo;agir de courriers \u00e0 r\u00e9diger et \u00e0 poster ou bien de mails \u00e0 traiter.<\/strong><\/strong><\/strong><\/strong><\/p>\n\n<\/div><\/div><\/div>\n<\/div>\n\n\n<h3 class=\"wp-block-heading has-text-color has-medium-font-size\" id=\"tous-ces-services-sont-eligibles-a-la-reduction-de-50-sous-forme-de-credit-d-impots\" style=\"color:#ffa500\">T<strong>ous ces services sont \u00e9ligibles \u00e0 la r\u00e9duction de 50% sous forme de cr\u00e9dit d&rsquo;imp\u00f4ts.<\/strong><\/h3>\n\n\n\n<p class=\"has-text-align-left has-text-color\" style=\"color:#ffa500;font-size:18px\"><em>Si vous n&rsquo;\u00eates pas imposable vous recevrez alors un ch\u00e8que de remboursement de l&rsquo;administration fiscale correspondant \u00e0 la moiti\u00e9 du montant r\u00e9gl\u00e9.<\/em><\/p>\n\n\n<div class=\"gb-button-wrapper gb-button-wrapper-229fddae\">\n\n<a class=\"gb-button gb-button-28646574\" href=\"https:\/\/services-informatique-niort.fr\/index.php\/depannage-ordinateur\/\"><span class=\"gb-icon\"><svg xmlns=\"http:\/\/www.w3.org\/2000\/svg\" width=\"16\" height=\"16\" fill=\"currentColor\" class=\"bi bi-arrow-right-short\" viewBox=\"0 0 16 16\">   <path fill-rule=\"evenodd\" d=\"M4 8a.5.5 0 0 1 .5-.5h5.793L8.146 5.354a.5.5 0 1 1 .708-.708l3 3a.5.5 0 0 1 0 .708l-3 3a.5.5 0 0 1-.708-.708L10.293 8.5H4.5A.5.5 0 0 1 4 8z\"><\/path> <\/svg><\/span><span class=\"gb-button-text\"><strong>Me contacter<\/strong><\/span><\/a>\n\n<\/div>\n\n<div class=\"gb-container gb-container-d24bd681\">\n\n<p class=\"has-text-color\" style=\"color:#ffa500\">En savoir plus sur Wikipedia sur le fonctionnement d&rsquo;un ordinateur :<\/p>\n\n<\/div>\n\n<div class=\"gb-grid-wrapper gb-grid-wrapper-e6e39907\">\n<div class=\"gb-grid-column gb-grid-column-6af63bb6\"><div class=\"gb-container gb-container-6af63bb6\">\n\n<figure class=\"gb-block-image gb-block-image-b68e3500\"><a href=\"https:\/\/fr.wikipedia.org\/wiki\/Ordinateur\" target=\"_blank\" rel=\"noopener noreferrer\"><img loading=\"lazy\" decoding=\"async\" width=\"77\" height=\"69\" class=\"gb-image gb-image-b68e3500\" src=\"https:\/\/services-informatique-niort.fr\/wp-content\/uploads\/2023\/09\/domotique-wikipedia.gif\" alt=\"ordinateur wikipedia\" title=\"ordinateur-wikipedia\"\/><\/a><\/figure>\n\n<\/div><\/div>\n<\/div>\n\n<div class=\"wp-block-image\">\n<figure class=\"aligncenter size-full is-resized\"><img loading=\"lazy\" decoding=\"async\" width=\"352\" height=\"309\" src=\"https:\/\/services-informatique-niort.fr\/wp-content\/uploads\/2024\/05\/logo-webimage_page_accueil-4.jpg\" alt=\"r\u00e9paration ordinateur Niort\" class=\"wp-image-2449\" style=\"width:186px;height:auto\" srcset=\"https:\/\/services-informatique-niort.fr\/wp-content\/uploads\/2024\/05\/logo-webimage_page_accueil-4.jpg 352w, https:\/\/services-informatique-niort.fr\/wp-content\/uploads\/2024\/05\/logo-webimage_page_accueil-4-300x263.jpg 300w\" sizes=\"auto, (max-width: 352px) 100vw, 352px\" \/><\/figure>\n<\/div>\n<\/div><\/div>\n\n\n<p><\/p>\n","protected":false},"excerpt":{"rendered":"<p>R\u00e9paration ordinateur Tous ces services sont \u00e9ligibles \u00e0 la r\u00e9duction de 50% sous forme de cr\u00e9dit d&rsquo;imp\u00f4ts. Si vous n&rsquo;\u00eates pas imposable vous recevrez alors un ch\u00e8que de remboursement de l&rsquo;administration fiscale correspondant \u00e0 la moiti\u00e9 du montant r\u00e9gl\u00e9. En savoir plus sur Wikipedia sur le fonctionnement d&rsquo;un ordinateur :<\/p>\n","protected":false},"author":1,"featured_media":0,"parent":0,"menu_order":0,"comment_status":"closed","ping_status":"closed","template":"","meta":{"footnotes":""},"class_list":["post-661","page","type-page","status-publish"],"_links":{"self":[{"href":"https:\/\/services-informatique-niort.fr\/index.php\/wp-json\/wp\/v2\/pages\/661","targetHints":{"allow":["GET"]}}],"collection":[{"href":"https:\/\/services-informatique-niort.fr\/index.php\/wp-json\/wp\/v2\/pages"}],"about":[{"href":"https:\/\/services-informatique-niort.fr\/index.php\/wp-json\/wp\/v2\/types\/page"}],"author":[{"embeddable":true,"href":"https:\/\/services-informatique-niort.fr\/index.php\/wp-json\/wp\/v2\/users\/1"}],"replies":[{"embeddable":true,"href":"https:\/\/services-informatique-niort.fr\/index.php\/wp-json\/wp\/v2\/comments?post=661"}],"version-history":[{"count":154,"href":"https:\/\/services-informatique-niort.fr\/index.php\/wp-json\/wp\/v2\/pages\/661\/revisions"}],"predecessor-version":[{"id":2740,"href":"https:\/\/services-informatique-niort.fr\/index.php\/wp-json\/wp\/v2\/pages\/661\/revisions\/2740"}],"wp:attachment":[{"href":"https:\/\/services-informatique-niort.fr\/index.php\/wp-json\/wp\/v2\/media?parent=661"}],"curies":[{"name":"wp","href":"https:\/\/api.w.org\/{rel}","templated":true}]}}