{"id":3,"date":"2021-11-05T08:09:03","date_gmt":"2021-11-05T07:09:03","guid":{"rendered":"http:\/\/services-informatique-niort.fr\/?page_id=3"},"modified":"2025-08-15T16:14:36","modified_gmt":"2025-08-15T14:14:36","slug":"confidentialite","status":"publish","type":"page","link":"https:\/\/services-informatique-niort.fr\/confidentialite\/","title":{"rendered":""},"content":{"rendered":"\n<p style=\"font-size:18px\">Cette politique de confidentialit\u00e9 d\u00e9crit nos politiques et proc\u00e9dures sur la collecte, l\u2019utilisation et la divulgation de vos informations lorsque vous utilisez le service et vous informe de vos droits \u00e0 la confidentialit\u00e9 et de la mani\u00e8re dont la loi vous prot\u00e8ge.<\/p>\n\n\n\n<p style=\"font-size:18px\">Seules les donn\u00e9es saisies par vous m\u00eame sur notre formulaire de contact seront utilis\u00e9es dans le but de r\u00e9pondre \u00e0 votre solicitation.<\/p>\n\n\n\n<p>Aucune autre donn\u00e9e ne sera r\u00e9colt\u00e9e. <\/p>\n\n\n\n<h1 class=\"wp-block-heading\" style=\"font-size:21px\"><strong>D\u00e9finitions<\/strong><\/h1>\n\n\n\n<h2 class=\"wp-block-heading\">Aux fins de cette politique de confidentialit\u00e9:<\/h2>\n\n\n\n<ul style=\"font-size:18px\" class=\"wp-block-list\">\n<li><strong>Compte<\/strong>&nbsp;signifie un compte unique cr\u00e9\u00e9 pour que vous puissiez acc\u00e9der \u00e0 notre service ou \u00e0 des parties de notre service.<\/li>\n\n\n\n<li><strong>Soci\u00e9t\u00e9<\/strong>&nbsp;(d\u00e9nomm\u00e9e \u00abla Soci\u00e9t\u00e9\u00bb, \u00abNous\u00bb, \u00abNotre\u00bb ou \u00abNotre\u00bb dans le pr\u00e9sent Contrat) fait r\u00e9f\u00e9rence \u00e0 S.I.N., Niort.<\/li>\n\n\n\n<li><strong>Les cookies<\/strong>&nbsp;sont de petits fichiers plac\u00e9s sur votre ordinateur, appareil mobile ou tout autre appareil par un site Web, contenant les d\u00e9tails de votre historique de navigation sur ce site Web parmi ses nombreuses utilisations.<\/li>\n\n\n\n<li><strong>Pays <\/strong>se\u00a0r\u00e9f\u00e8re \u00e0: France<\/li>\n\n\n\n<li><strong>Appareil<\/strong>&nbsp;d\u00e9signe tout appareil pouvant acc\u00e9der au Service tel qu\u2019un ordinateur, un t\u00e9l\u00e9phone portable ou une tablette num\u00e9rique.<\/li>\n\n\n\n<li><strong>Les donn\u00e9es personnelles<\/strong>&nbsp;sont toutes les informations relatives \u00e0 une personne identifi\u00e9e ou identifiable.<\/li>\n\n\n\n<li><strong>Le service<\/strong>&nbsp;fait r\u00e9f\u00e9rence au site Web.<\/li>\n\n\n\n<li><strong>Prestataire de services<\/strong>&nbsp;d\u00e9signe toute personne physique ou morale qui traite les donn\u00e9es pour le compte de la Soci\u00e9t\u00e9.&nbsp;Il se r\u00e9f\u00e8re \u00e0 des soci\u00e9t\u00e9s tierces ou \u00e0 des personnes employ\u00e9es par la Soci\u00e9t\u00e9 pour faciliter le Service, pour fournir le Service au nom de la Soci\u00e9t\u00e9, pour ex\u00e9cuter des services li\u00e9s au Service ou pour aider la Soci\u00e9t\u00e9 \u00e0 analyser la fa\u00e7on dont le Service est utilis\u00e9.<\/li>\n\n\n\n<li><strong>Le service de m\u00e9dias sociaux tiers<\/strong>&nbsp;fait r\u00e9f\u00e9rence \u00e0 tout site Web ou \u00e0 tout site Web de r\u00e9seau social via lequel un utilisateur peut se connecter ou cr\u00e9er un compte pour utiliser le service.<\/li>\n\n\n\n<li><strong>Les donn\u00e9es d\u2019utilisation font<\/strong>&nbsp;r\u00e9f\u00e9rence aux donn\u00e9es collect\u00e9es automatiquement, soit g\u00e9n\u00e9r\u00e9es par l\u2019utilisation du service, soit \u00e0 partir de l\u2019infrastructure du service elle-m\u00eame (par exemple, la dur\u00e9e d\u2019une visite de page).<\/li>\n\n\n\n<li><strong>Le site Web<\/strong>&nbsp;fait r\u00e9f\u00e9rence \u00e0 S.I.N., accessible depuis&nbsp;<a href=\"https:\/\/agenceweb-referencement.fr\/\" target=\"_blank\" rel=\"noreferrer noopener\">https:\/\/<\/a><a href=\"https:\/\/services-informatique-niort.fr\/\">services-informatique-niort.fr<\/a><a href=\"https:\/\/agenceweb-referencement.fr\/\" target=\"_blank\" rel=\"noreferrer noopener\">\/<\/a><\/li>\n\n\n\n<li><strong>Vous<\/strong>&nbsp;d\u00e9signe la personne qui acc\u00e8de ou utilise le Service, ou la soci\u00e9t\u00e9 ou toute autre entit\u00e9 juridique au nom de laquelle cette personne acc\u00e8de ou utilise le Service, selon le cas.<\/li>\n<\/ul>\n\n\n\n<h2 class=\"wp-block-heading has-medium-font-size\"><strong>Collecte et utilisation de vos donn\u00e9es personnelles<\/strong><\/h2>\n\n\n\n<h2 class=\"wp-block-heading has-medium-font-size\"><strong>Types de donn\u00e9es collect\u00e9es<\/strong><\/h2>\n\n\n\n<h3 class=\"wp-block-heading has-medium-font-size\"><strong>Donn\u00e9es personnelles<\/strong><\/h3>\n\n\n\n<p style=\"font-size:18px\">Lors de l\u2019utilisation de notre service, nous pouvons vous demander de nous fournir certaines informations personnellement identifiables qui peuvent \u00eatre utilis\u00e9es pour vous contacter ou vous identifier.&nbsp;Les informations personnellement identifiables peuvent inclure :<\/p>\n\n\n\n<ul style=\"font-size:18px\" class=\"wp-block-list\">\n<li>Adresse e-mail<\/li>\n\n\n\n<li>Pr\u00e9nom et nom<\/li>\n<\/ul>\n\n\n\n<h2 class=\"wp-block-heading has-medium-font-size\"><strong>Utilisation de vos donn\u00e9es personnelles<\/strong><\/h2>\n\n\n\n<p class=\"has-medium-font-size\">La Soci\u00e9t\u00e9 peut utiliser les donn\u00e9es personnelles aux fins suivantes:<\/p>\n\n\n\n<ul style=\"font-size:18px\" class=\"wp-block-list\">\n<li><strong>Pour fournir et maintenir notre service<\/strong>&nbsp;, y compris pour surveiller l\u2019utilisation de notre service.<\/li>\n\n\n\n<li><strong>Pour g\u00e9rer votre compte:<\/strong>&nbsp;pour g\u00e9rer votre inscription en tant qu\u2019utilisateur du service.&nbsp;Les donn\u00e9es personnelles que vous fournissez peuvent vous donner acc\u00e8s \u00e0 diff\u00e9rentes fonctionnalit\u00e9s du service qui vous sont disponibles en tant qu\u2019utilisateur enregistr\u00e9.<\/li>\n\n\n\n<li><strong>Pour l\u2019ex\u00e9cution d\u2019un contrat:<\/strong>&nbsp;le d\u00e9veloppement, la conformit\u00e9 et l\u2019engagement du contrat d\u2019achat pour les produits, articles ou services que vous avez achet\u00e9s ou de tout autre contrat avec nous via le service.<\/li>\n\n\n\n<li><strong>Pour vous contacter:<\/strong>&nbsp;Pour vous contacter par e-mail, appels t\u00e9l\u00e9phoniques, SMS ou autres formes \u00e9quivalentes de communication \u00e9lectronique, telles que les notifications push d\u2019une application mobile concernant les mises \u00e0 jour ou les communications informatives li\u00e9es aux fonctionnalit\u00e9s, produits ou services sous contrat, y compris les mises \u00e0 jour de s\u00e9curit\u00e9, lorsque cela est n\u00e9cessaire ou raisonnable pour leur mise en \u0153uvre.<\/li>\n\n\n\n<li><strong>Pour vous fournir des<\/strong>&nbsp;nouvelles, des offres sp\u00e9ciales et des informations g\u00e9n\u00e9rales sur d\u2019autres biens, services et \u00e9v\u00e9nements que nous proposons et similaires \u00e0 ceux que vous avez d\u00e9j\u00e0 achet\u00e9s ou sur lesquels vous vous \u00eates renseign\u00e9, sauf si vous avez choisi de ne pas recevoir ces informations.<\/li>\n\n\n\n<li><strong>Pour g\u00e9rer vos demandes:<\/strong>&nbsp;pour assister et g\u00e9rer vos demandes \u00e0 nous.<\/li>\n<\/ul>\n\n\n\n<p>Nous pouvons partager vos informations personnelles dans les situations suivantes:<\/p>\n\n\n\n<ul class=\"wp-block-list\">\n<li><strong>Avec les fournisseurs de services:<\/strong>&nbsp;nous pouvons partager vos informations personnelles avec les fournisseurs de services pour surveiller et analyser l\u2019utilisation de notre service, pour vous contacter.<\/li>\n\n\n\n<li><strong>Avec votre consentement<\/strong>&nbsp;: nous pouvons divulguer vos informations personnelles \u00e0 toute autre fin avec votre consentement.<\/li>\n<\/ul>\n\n\n\n<h2 class=\"wp-block-heading has-medium-font-size\"><strong>Conservation de vos donn\u00e9es personnelles<\/strong><\/h2>\n\n\n\n<p style=\"font-size:18px\">La Soci\u00e9t\u00e9 ne conservera vos donn\u00e9es personnelles que le temps n\u00e9cessaire aux fins \u00e9nonc\u00e9es dans la pr\u00e9sente politique de confidentialit\u00e9.&nbsp;Nous conserverons et utiliserons vos donn\u00e9es personnelles dans la mesure n\u00e9cessaire pour nous conformer \u00e0 nos obligations l\u00e9gales (par exemple, si nous sommes tenus de conserver vos donn\u00e9es pour nous conformer aux lois applicables), r\u00e9soudre les litiges et appliquer nos accords et politiques juridiques.<\/p>\n\n\n\n<p style=\"font-size:18px\">La Soci\u00e9t\u00e9 conservera \u00e9galement les donn\u00e9es d\u2019utilisation \u00e0 des fins d\u2019analyse interne.&nbsp;Les donn\u00e9es d\u2019utilisation sont g\u00e9n\u00e9ralement conserv\u00e9es pendant une p\u00e9riode plus courte, sauf lorsque ces donn\u00e9es sont utilis\u00e9es pour renforcer la s\u00e9curit\u00e9 ou pour am\u00e9liorer la fonctionnalit\u00e9 de notre service, ou nous sommes l\u00e9galement oblig\u00e9s de conserver ces donn\u00e9es pendant des p\u00e9riodes plus longues.<\/p>\n\n\n\n<h2 class=\"wp-block-heading has-medium-font-size\"><strong>Transfert de vos donn\u00e9es personnelles<\/strong><\/h2>\n\n\n\n<p style=\"font-size:18px\"><strong>Vos informations, y compris les donn\u00e9es personnelles ne sont pas transf\u00e9r\u00e9es.<\/strong><\/p>\n\n\n\n<h2 class=\"wp-block-heading has-medium-font-size\"><strong>Divulgation de vos donn\u00e9es personnelles<\/strong><\/h2>\n\n\n\n<h3 class=\"wp-block-heading has-medium-font-size\"><strong>Forces de l\u2019ordre<\/strong><\/h3>\n\n\n\n<p style=\"font-size:18px\">Dans certaines circonstances, la Soci\u00e9t\u00e9 peut \u00eatre tenue de divulguer vos donn\u00e9es personnelles si la loi l\u2019exige ou en r\u00e9ponse \u00e0 des demandes valides des autorit\u00e9s publiques (par exemple un tribunal ou une agence gouvernementale).<\/p>\n\n\n\n<h3 class=\"wp-block-heading has-medium-font-size\"><strong>Autres exigences l\u00e9gales<\/strong><\/h3>\n\n\n\n<p style=\"font-size:18px\">La Soci\u00e9t\u00e9 peut divulguer vos donn\u00e9es personnelles en cas de demande l\u00e9gale pour:<\/p>\n\n\n\n<ul style=\"font-size:18px\" class=\"wp-block-list\">\n<li>Se conformer \u00e0 une obligation l\u00e9gale<\/li>\n\n\n\n<li>Prot\u00e9ger et d\u00e9fendre les droits ou la propri\u00e9t\u00e9 de l\u2019entreprise<\/li>\n\n\n\n<li>Pr\u00e9venir ou enqu\u00eater sur d\u2019\u00e9ventuels actes r\u00e9pr\u00e9hensibles en relation avec le Service<\/li>\n\n\n\n<li>Prot\u00e9ger la s\u00e9curit\u00e9 personnelle des Utilisateurs du Service ou du public<\/li>\n\n\n\n<li>Prot\u00e9ger contre la responsabilit\u00e9 l\u00e9gale<\/li>\n<\/ul>\n\n\n\n<h2 class=\"wp-block-heading has-medium-font-size\"><strong>S\u00e9curit\u00e9 de vos donn\u00e9es personnelles<\/strong><\/h2>\n\n\n\n<p style=\"font-size:18px\">La s\u00e9curit\u00e9 de vos donn\u00e9es personnelles est importante pour nous, mais rappelez-vous qu\u2019aucune m\u00e9thode de transmission sur Internet ou m\u00e9thode de stockage \u00e9lectronique n\u2019est s\u00e9curis\u00e9e \u00e0 100%.&nbsp;Bien que nous nous efforcions d\u2019utiliser des moyens commercialement acceptables pour prot\u00e9ger vos donn\u00e9es personnelles, nous ne pouvons garantir leur s\u00e9curit\u00e9 absolue.<\/p>\n\n\n\n<p style=\"font-size:18px\"><strong>Nous contacter<\/strong><\/p>\n\n\n\n<p style=\"font-size:18px\">Si vous avez des questions sur cette politique de confidentialit\u00e9, vous pouvez nous contacter:<\/p>\n\n\n\n<ul style=\"font-size:18px\" class=\"wp-block-list\">\n<li>Par email:&nbsp;contactATservices-informatique-niort.fr<\/li>\n<\/ul>\n\n\n\n<p><\/p>\n","protected":false},"excerpt":{"rendered":"<p>Cette politique de confidentialit\u00e9 d\u00e9crit nos politiques et proc\u00e9dures sur la collecte, l\u2019utilisation et la divulgation de vos informations lorsque vous utilisez le service et vous informe de vos droits \u00e0 la confidentialit\u00e9 et de la mani\u00e8re dont la loi vous prot\u00e8ge. Seules les donn\u00e9es saisies par vous m\u00eame sur notre formulaire de contact seront &#8230; <a title=\"\" class=\"read-more\" href=\"https:\/\/services-informatique-niort.fr\/confidentialite\/\" aria-label=\"En savoir plus sur \">Lire plus<\/a><\/p>\n","protected":false},"author":1,"featured_media":0,"parent":0,"menu_order":0,"comment_status":"closed","ping_status":"open","template":"","meta":{"footnotes":""},"class_list":["post-3","page","type-page","status-publish"],"_links":{"self":[{"href":"https:\/\/services-informatique-niort.fr\/wp-json\/wp\/v2\/pages\/3","targetHints":{"allow":["GET"]}}],"collection":[{"href":"https:\/\/services-informatique-niort.fr\/wp-json\/wp\/v2\/pages"}],"about":[{"href":"https:\/\/services-informatique-niort.fr\/wp-json\/wp\/v2\/types\/page"}],"author":[{"embeddable":true,"href":"https:\/\/services-informatique-niort.fr\/wp-json\/wp\/v2\/users\/1"}],"replies":[{"embeddable":true,"href":"https:\/\/services-informatique-niort.fr\/wp-json\/wp\/v2\/comments?post=3"}],"version-history":[{"count":17,"href":"https:\/\/services-informatique-niort.fr\/wp-json\/wp\/v2\/pages\/3\/revisions"}],"predecessor-version":[{"id":2513,"href":"https:\/\/services-informatique-niort.fr\/wp-json\/wp\/v2\/pages\/3\/revisions\/2513"}],"wp:attachment":[{"href":"https:\/\/services-informatique-niort.fr\/wp-json\/wp\/v2\/media?parent=3"}],"curies":[{"name":"wp","href":"https:\/\/api.w.org\/{rel}","templated":true}]}}